{"id":158,"date":"2026-03-02T14:00:41","date_gmt":"2026-03-02T13:00:41","guid":{"rendered":"https:\/\/www.ridernutritionpro.net\/?page_id=158"},"modified":"2026-03-27T16:37:11","modified_gmt":"2026-03-27T15:37:11","slug":"front","status":"publish","type":"page","link":"https:\/\/www.ridernutritionpro.net\/","title":{"rendered":"FRONT"},"content":{"rendered":"\n<div class=\"wp-block-columns alignfull are-vertically-aligned-center is-layout-flex wp-container-core-columns-is-layout-3b3ca455 wp-block-columns-is-layout-flex\" style=\"margin-top:-100px;margin-bottom:-60px\">\n<div class=\"wp-block-column is-vertically-aligned-center is-layout-flow wp-block-column-is-layout-flow\">\n<figure class=\"wp-block-image alignfull size-large\"><img loading=\"lazy\" decoding=\"async\" width=\"1024\" height=\"480\" src=\"http:\/\/www.ridernutritionpro.net\/wp-content\/uploads\/2026\/03\/Untitled-7-1024x480.png\" alt=\"\" class=\"wp-image-91\" srcset=\"https:\/\/www.ridernutritionpro.net\/wp-content\/uploads\/2026\/03\/Untitled-7-1024x480.png 1024w, https:\/\/www.ridernutritionpro.net\/wp-content\/uploads\/2026\/03\/Untitled-7-416x195.png 416w, https:\/\/www.ridernutritionpro.net\/wp-content\/uploads\/2026\/03\/Untitled-7-300x141.png 300w, https:\/\/www.ridernutritionpro.net\/wp-content\/uploads\/2026\/03\/Untitled-7-768x360.png 768w, https:\/\/www.ridernutritionpro.net\/wp-content\/uploads\/2026\/03\/Untitled-7-1536x720.png 1536w, https:\/\/www.ridernutritionpro.net\/wp-content\/uploads\/2026\/03\/Untitled-7.png 1920w\" sizes=\"auto, (max-width: 1024px) 100vw, 1024px\" \/><\/figure>\n<\/div>\n<\/div>\n\n\n\n<div style=\"height:34px\" aria-hidden=\"true\" class=\"wp-block-spacer\"><\/div>\n\n\n\n<div class=\"wp-block-columns alignfull are-vertically-aligned-center has-black-color has-white-background-color has-text-color has-background has-link-color has-normal-font-size wp-elements-b7d1cd4072d6c79ddfaa13e67235420d is-layout-flex wp-container-core-columns-is-layout-b58f1639 wp-block-columns-is-layout-flex\" style=\"margin-top:0px;margin-bottom:0px\">\n<div class=\"wp-block-column is-vertically-aligned-center is-layout-flow wp-block-column-is-layout-flow\"><div class=\"wp-block-image\">\n<figure class=\"aligncenter size-full is-resized\"><img loading=\"lazy\" decoding=\"async\" width=\"512\" height=\"512\" src=\"https:\/\/www.ridernutritionpro.net\/wp-content\/uploads\/2026\/03\/unlock.png\" alt=\"\" class=\"wp-image-144\" style=\"object-fit:cover;width:63px;height:63px\" srcset=\"https:\/\/www.ridernutritionpro.net\/wp-content\/uploads\/2026\/03\/unlock.png 512w, https:\/\/www.ridernutritionpro.net\/wp-content\/uploads\/2026\/03\/unlock-100x100.png 100w, https:\/\/www.ridernutritionpro.net\/wp-content\/uploads\/2026\/03\/unlock-416x416.png 416w, https:\/\/www.ridernutritionpro.net\/wp-content\/uploads\/2026\/03\/unlock-300x300.png 300w, https:\/\/www.ridernutritionpro.net\/wp-content\/uploads\/2026\/03\/unlock-150x150.png 150w\" sizes=\"auto, (max-width: 512px) 100vw, 512px\" \/><\/figure>\n<\/div>\n\n\n<p class=\"has-text-align-center has-medium-font-size wp-block-paragraph\" style=\"margin-top:0px;margin-bottom:0px\">Paiement S\u00e9curis\u00e9 <\/p>\n<\/div>\n\n\n\n<div class=\"wp-block-column is-vertically-aligned-center is-layout-flow wp-block-column-is-layout-flow\"><div class=\"wp-block-image\">\n<figure class=\"aligncenter size-full is-resized\"><img loading=\"lazy\" decoding=\"async\" width=\"512\" height=\"512\" src=\"http:\/\/www.ridernutritionpro.net\/wp-content\/uploads\/2026\/03\/gift-box.png\" alt=\"\" class=\"wp-image-142\" style=\"object-fit:cover;width:63px;height:63px\" srcset=\"https:\/\/www.ridernutritionpro.net\/wp-content\/uploads\/2026\/03\/gift-box.png 512w, https:\/\/www.ridernutritionpro.net\/wp-content\/uploads\/2026\/03\/gift-box-100x100.png 100w, https:\/\/www.ridernutritionpro.net\/wp-content\/uploads\/2026\/03\/gift-box-416x416.png 416w, https:\/\/www.ridernutritionpro.net\/wp-content\/uploads\/2026\/03\/gift-box-300x300.png 300w, https:\/\/www.ridernutritionpro.net\/wp-content\/uploads\/2026\/03\/gift-box-150x150.png 150w\" sizes=\"auto, (max-width: 512px) 100vw, 512px\" \/><\/figure>\n<\/div>\n\n\n<p class=\"has-text-align-center has-medium-font-size wp-block-paragraph\">Livraison Offerte d\u00e8s 300\u20ac<\/p>\n<\/div>\n\n\n\n<div class=\"wp-block-column is-vertically-aligned-center is-layout-flow wp-block-column-is-layout-flow\"><div class=\"wp-block-image\">\n<figure class=\"aligncenter size-full is-resized\"><img loading=\"lazy\" decoding=\"async\" width=\"512\" height=\"512\" src=\"http:\/\/www.ridernutritionpro.net\/wp-content\/uploads\/2026\/03\/transport.png\" alt=\"\" class=\"wp-image-143\" style=\"object-fit:cover;width:63px;height:63px\" srcset=\"https:\/\/www.ridernutritionpro.net\/wp-content\/uploads\/2026\/03\/transport.png 512w, https:\/\/www.ridernutritionpro.net\/wp-content\/uploads\/2026\/03\/transport-100x100.png 100w, https:\/\/www.ridernutritionpro.net\/wp-content\/uploads\/2026\/03\/transport-416x416.png 416w, https:\/\/www.ridernutritionpro.net\/wp-content\/uploads\/2026\/03\/transport-300x300.png 300w, https:\/\/www.ridernutritionpro.net\/wp-content\/uploads\/2026\/03\/transport-150x150.png 150w\" sizes=\"auto, (max-width: 512px) 100vw, 512px\" \/><\/figure>\n<\/div>\n\n\n<p class=\"has-text-align-center has-medium-font-size wp-block-paragraph\">Livraison sous 3 \u00e1 5 jours ouvres <\/p>\n<\/div>\n<\/div>\n\n\n\n<h2 class=\"wp-block-heading has-text-align-center\">Je Commande<\/h2>\n\n\n\n<div class=\"wp-block-columns alignfull has-black-color has-white-background-color has-text-color has-background has-link-color has-medium-font-size wp-elements-b8f25cb9a4f289fee1017c15629272e7 is-layout-flex wp-container-core-columns-is-layout-116f888b wp-block-columns-is-layout-flex\" style=\"margin-top:-15px;margin-bottom:-15px\">\n<div class=\"wp-block-column is-vertically-aligned-center is-layout-flow wp-block-column-is-layout-flow\">\n<figure class=\"wp-block-image size-large has-lightbox\"><a href=\"https:\/\/www.ridernutritionpro.net\/?product_cat=rider-nutrition\"><img loading=\"lazy\" decoding=\"async\" width=\"1024\" height=\"1024\" src=\"http:\/\/www.ridernutritionpro.net\/wp-content\/uploads\/2026\/03\/Sans-titre-3-4-1024x1024.png\" alt=\"\" class=\"wp-image-383\" srcset=\"https:\/\/www.ridernutritionpro.net\/wp-content\/uploads\/2026\/03\/Sans-titre-3-4-1024x1024.png 1024w, https:\/\/www.ridernutritionpro.net\/wp-content\/uploads\/2026\/03\/Sans-titre-3-4-100x100.png 100w, https:\/\/www.ridernutritionpro.net\/wp-content\/uploads\/2026\/03\/Sans-titre-3-4-416x416.png 416w, https:\/\/www.ridernutritionpro.net\/wp-content\/uploads\/2026\/03\/Sans-titre-3-4-300x300.png 300w, https:\/\/www.ridernutritionpro.net\/wp-content\/uploads\/2026\/03\/Sans-titre-3-4-150x150.png 150w, https:\/\/www.ridernutritionpro.net\/wp-content\/uploads\/2026\/03\/Sans-titre-3-4-768x768.png 768w, https:\/\/www.ridernutritionpro.net\/wp-content\/uploads\/2026\/03\/Sans-titre-3-4.png 1080w\" sizes=\"auto, (max-width: 1024px) 100vw, 1024px\" \/><\/a><\/figure>\n<\/div>\n\n\n\n<div class=\"wp-block-column is-layout-flow wp-block-column-is-layout-flow\">\n<figure class=\"wp-block-image size-large has-lightbox\"><a href=\"https:\/\/www.ridernutritionpro.net\/?product_cat=labellises\"><img loading=\"lazy\" decoding=\"async\" width=\"1024\" height=\"1024\" src=\"http:\/\/www.ridernutritionpro.net\/wp-content\/uploads\/2026\/03\/Sans-titre-3-5-1024x1024.png\" alt=\"\" class=\"wp-image-382\" srcset=\"https:\/\/www.ridernutritionpro.net\/wp-content\/uploads\/2026\/03\/Sans-titre-3-5-1024x1024.png 1024w, https:\/\/www.ridernutritionpro.net\/wp-content\/uploads\/2026\/03\/Sans-titre-3-5-100x100.png 100w, https:\/\/www.ridernutritionpro.net\/wp-content\/uploads\/2026\/03\/Sans-titre-3-5-416x416.png 416w, https:\/\/www.ridernutritionpro.net\/wp-content\/uploads\/2026\/03\/Sans-titre-3-5-300x300.png 300w, https:\/\/www.ridernutritionpro.net\/wp-content\/uploads\/2026\/03\/Sans-titre-3-5-150x150.png 150w, https:\/\/www.ridernutritionpro.net\/wp-content\/uploads\/2026\/03\/Sans-titre-3-5-768x768.png 768w, https:\/\/www.ridernutritionpro.net\/wp-content\/uploads\/2026\/03\/Sans-titre-3-5.png 1080w\" sizes=\"auto, (max-width: 1024px) 100vw, 1024px\" \/><\/a><\/figure>\n<\/div>\n\n\n\n<div class=\"wp-block-column is-vertically-aligned-center is-layout-flow wp-block-column-is-layout-flow\">\n<figure class=\"wp-block-image size-large\"><img loading=\"lazy\" decoding=\"async\" width=\"1024\" height=\"1024\" src=\"http:\/\/www.ridernutritionpro.net\/wp-content\/uploads\/2026\/03\/Sans-titre-3-3-1024x1024.png\" alt=\"\" class=\"wp-image-384\" srcset=\"https:\/\/www.ridernutritionpro.net\/wp-content\/uploads\/2026\/03\/Sans-titre-3-3-1024x1024.png 1024w, https:\/\/www.ridernutritionpro.net\/wp-content\/uploads\/2026\/03\/Sans-titre-3-3-100x100.png 100w, https:\/\/www.ridernutritionpro.net\/wp-content\/uploads\/2026\/03\/Sans-titre-3-3-416x416.png 416w, https:\/\/www.ridernutritionpro.net\/wp-content\/uploads\/2026\/03\/Sans-titre-3-3-300x300.png 300w, https:\/\/www.ridernutritionpro.net\/wp-content\/uploads\/2026\/03\/Sans-titre-3-3-150x150.png 150w, https:\/\/www.ridernutritionpro.net\/wp-content\/uploads\/2026\/03\/Sans-titre-3-3-768x768.png 768w, https:\/\/www.ridernutritionpro.net\/wp-content\/uploads\/2026\/03\/Sans-titre-3-3.png 1080w\" sizes=\"auto, (max-width: 1024px) 100vw, 1024px\" \/><\/figure>\n<\/div>\n<\/div>\n\n\n\n<div class=\"wp-block-coblocks-hero alignfull has-text-color has-white-color coblocks-hero-2214270174\"><div class=\"wp-block-coblocks-hero__inner has-black-background-color has-background has-background-overlay bg-cover has-background-image bg-no-repeat bg-center-center has-background-overlay-30 hero-center-center-align has-padding has-huge-padding has-black-background-color has-center-content\" style=\"background-image:url(http:\/\/www.ridernutritionpro.net\/wp-content\/uploads\/2026\/03\/Sans-titre-2.png);background-position:47% 12%;min-height:500px\"><div class=\"wp-block-coblocks-hero__content-wrapper\"><div class=\"wp-block-coblocks-hero__content\" style=\"max-width:560px\">\n<h2 class=\"wp-block-heading has-text-align-center has-white-color has-text-color has-background has-link-color wp-elements-de3d2526ccc932fc132c68e912760f32\" style=\"border-top-left-radius:37px;border-top-right-radius:37px;border-bottom-left-radius:37px;border-bottom-right-radius:37px;background-color:#00000036;font-size:39px\">Besoin d\u2019informations ?<\/h2>\n\n\n\n<p class=\"wp-block-paragraph\"><\/p>\n\n\n\n<div class=\"wp-block-buttons has-custom-font-size has-medium-font-size is-content-justification-center is-layout-flex wp-container-core-buttons-is-layout-3e41869c wp-block-buttons-is-layout-flex\">\n<div class=\"wp-block-button\"><a class=\"wp-block-button__link wp-element-button\" href=\"https:\/\/www.ridernutritionpro.net\/index.php\/contact\/\">Contactez-Nous<\/a><\/div>\n\n\n\n<div class=\"wp-block-button is-style-outline is-style-outline--1\"><a class=\"wp-block-button__link has-white-color has-text-color has-link-color wp-element-button\" href=\"https:\/\/www.ridernutritionpro.net\/index.php\/devenir-revendeur\/\">Devenir Revendeur<\/a><\/div>\n<\/div>\n<\/div><\/div><\/div><\/div>\n\n\n\n<p class=\"wp-block-paragraph\"><\/p>\n","protected":false},"excerpt":{"rendered":"<p>Paiement S\u00e9curis\u00e9 Livraison Offerte d\u00e8s 300\u20ac Livraison sous 3 \u00e1 5 jours ouvres Je Commande<\/p>\n","protected":false},"author":1,"featured_media":0,"parent":0,"menu_order":0,"comment_status":"closed","ping_status":"closed","template":"","meta":{"_coblocks_attr":"","_coblocks_dimensions":"{\"coblocks-hero-2214270174\":{\"padding\":{}}}","_coblocks_responsive_height":"","_coblocks_accordion_ie_support":"","_crdt_document":"","_themeisle_gutenberg_block_has_review":false,"footnotes":""},"class_list":["post-158","page","type-page","status-publish","hentry"],"jetpack_sharing_enabled":true,"_links":{"self":[{"href":"https:\/\/www.ridernutritionpro.net\/index.php?rest_route=\/wp\/v2\/pages\/158","targetHints":{"allow":["GET"]}}],"collection":[{"href":"https:\/\/www.ridernutritionpro.net\/index.php?rest_route=\/wp\/v2\/pages"}],"about":[{"href":"https:\/\/www.ridernutritionpro.net\/index.php?rest_route=\/wp\/v2\/types\/page"}],"author":[{"embeddable":true,"href":"https:\/\/www.ridernutritionpro.net\/index.php?rest_route=\/wp\/v2\/users\/1"}],"replies":[{"embeddable":true,"href":"https:\/\/www.ridernutritionpro.net\/index.php?rest_route=%2Fwp%2Fv2%2Fcomments&post=158"}],"version-history":[{"count":6,"href":"https:\/\/www.ridernutritionpro.net\/index.php?rest_route=\/wp\/v2\/pages\/158\/revisions"}],"predecessor-version":[{"id":510,"href":"https:\/\/www.ridernutritionpro.net\/index.php?rest_route=\/wp\/v2\/pages\/158\/revisions\/510"}],"wp:attachment":[{"href":"https:\/\/www.ridernutritionpro.net\/index.php?rest_route=%2Fwp%2Fv2%2Fmedia&parent=158"}],"curies":[{"name":"wp","href":"https:\/\/api.w.org\/{rel}","templated":true}]}}