{"id":172,"date":"2026-03-02T14:42:55","date_gmt":"2026-03-02T13:42:55","guid":{"rendered":"https:\/\/www.ridernutritionpro.net\/?page_id=172"},"modified":"2026-03-02T14:42:56","modified_gmt":"2026-03-02T13:42:56","slug":"conditions-generales-dutilisation-du-site-cgu","status":"publish","type":"page","link":"https:\/\/www.ridernutritionpro.net\/?page_id=172","title":{"rendered":"Conditions G\u00e9n\u00e9rales d\u2019Utilisation du site \u2013 CGU"},"content":{"rendered":"\n<p class=\"wp-block-paragraph\">La soci\u00e9t\u00e9&nbsp;RIDER NUTRITION \u2013 SPORT EQUESTRE,&nbsp;soucieuse&nbsp;des droits des individus, notamment au regard des traitements automatis\u00e9s&nbsp;et dans une volont\u00e9 de transparence avec ses clients, a mis en place une politique reprenant l\u2019ensemble de ces traitements, des finalit\u00e9s poursuivies par ces derniers ainsi que des moyens d\u2019action \u00e0 la disposition des individus afin qu\u2019ils puissent au mieux exercer leurs droits. Pour toute information compl\u00e9mentaire sur la protection des donn\u00e9es personnelles, nous vous invitons \u00e0 consulter le site&nbsp;internet :&nbsp;<a href=\"https:\/\/www.cnil.fr\/\" target=\"_blank\" rel=\"noreferrer noopener\">https:\/\/www.cnil.fr\/<\/a><\/p>\n\n\n\n<p class=\"wp-block-paragraph\">La poursuite de la navigation sur ce site internet vaut acceptation sans r\u00e9serve des dispositions et conditions d\u2019utilisation qui suivent. La version de ces conditions d\u2019utilisation actuellement en ligne est la seule opposable pendant toute la dur\u00e9e d\u2019utilisation du site internet et jusqu\u2019\u00e0 ce qu\u2019une nouvelle version la remplace.<\/p>\n\n\n\n<div class=\"wp-block-coblocks-accordion\">\n<div class=\"wp-block-coblocks-accordion-item\"><details><summary class=\"wp-block-coblocks-accordion-item__title\">Acc\u00e8s au site internet<\/summary><div class=\"wp-block-coblocks-accordion-item__content\">\n<p class=\"wp-block-paragraph\">L\u2019acc\u00e8s au site et son utilisation sont r\u00e9serv\u00e9s \u00e0 un usage strictement personnel. Vous vous engagez \u00e0 ne pas utiliser ce site et les informations ou donn\u00e9es qui y figurent \u00e0 des fins commerciales, politiques, publicitaires et pour toute forme de sollicitation commerciale et notamment l\u2019envoi de courriers \u00e9lectroniques non sollicit\u00e9s.<\/p>\n<\/div><\/details><\/div>\n\n\n\n<div class=\"wp-block-coblocks-accordion-item\"><details><summary class=\"wp-block-coblocks-accordion-item__title\">Contenu du site internet et Propri\u00e9t\u00e9 intellectuelle<\/summary><div class=\"wp-block-coblocks-accordion-item__content\">\n<p class=\"wp-block-paragraph\">L\u2019ensemble des marques, photographies, textes, commentaires, illustrations, images anim\u00e9es ou non, s\u00e9quences vid\u00e9o, sons, ainsi que toutes les applications informatiques qui pourraient \u00eatre utilis\u00e9es pour faire fonctionner ce site internet et plus g\u00e9n\u00e9ralement tous les \u00e9l\u00e9ments reproduits ou utilis\u00e9s sur ce site sont prot\u00e9g\u00e9s par les lois en vigueur au titre de la propri\u00e9t\u00e9 intellectuelle.<\/p>\n\n\n\n<p class=\"wp-block-paragraph\">Ils sont la propri\u00e9t\u00e9 pleine et enti\u00e8re de l\u2019\u00c9diteur ou de ses partenaires. Toute reproduction, repr\u00e9sentation, utilisation ou adaptation, sous quelque forme que ce soit, de tout ou partie de ces \u00e9l\u00e9ments, sans que cette \u00e9num\u00e9ration ne soit limitative, est rigoureusement interdite et s\u2019apparente \u00e0 de la contrefa\u00e7on. Le fait pour l\u2019\u00c9diteur de ne pas engager de proc\u00e9dure d\u00e8s la prise de connaissance de ces utilisations non autoris\u00e9es ne vaut pas acceptation desdites utilisations et renonciation aux poursuites.<\/p>\n<\/div><\/details><\/div>\n\n\n\n<div class=\"wp-block-coblocks-accordion-item\"><details><summary class=\"wp-block-coblocks-accordion-item__title\">Gestion du site internet<\/summary><div class=\"wp-block-coblocks-accordion-item__content\">\n<p class=\"wp-block-paragraph\">Pour la bonne gestion du site, l\u2019\u00c9diteur pourra \u00e0 tout moment&nbsp;:<\/p>\n\n\n\n<ul class=\"wp-block-list\">\n<li>Suspendre, interrompre ou limiter l\u2019acc\u00e8s \u00e0 tout ou partie du site ou bien encore \u00e0 une cat\u00e9gorie d\u00e9termin\u00e9e d\u2019internautes.<\/li>\n\n\n\n<li>Supprimer toute information pouvant en perturber le fonctionnement ou entrant en contravention avec les lois nationales ou internationales.<\/li>\n\n\n\n<li>Suspendre le site afin de proc\u00e9der \u00e0 des mises \u00e0 jour.<\/li>\n<\/ul>\n<\/div><\/details><\/div>\n\n\n\n<div class=\"wp-block-coblocks-accordion-item\"><details><summary class=\"wp-block-coblocks-accordion-item__title\">Responsabilit\u00e9s<\/summary><div class=\"wp-block-coblocks-accordion-item__content\">\n<p class=\"wp-block-paragraph\">La responsabilit\u00e9 de l\u2019\u00c9diteur ne peut \u00eatre engag\u00e9e en cas de d\u00e9faillance, panne, difficult\u00e9 ou interruption de fonctionnement, emp\u00eachant l\u2019acc\u00e8s au site ou \u00e0 une de ses fonctionnalit\u00e9s.<\/p>\n\n\n\n<p class=\"wp-block-paragraph\">Le mat\u00e9riel de connexion au site que vous utilisez est sous votre enti\u00e8re responsabilit\u00e9. Vous devez prendre toutes les mesures appropri\u00e9es pour prot\u00e9ger votre mat\u00e9riel et vos propres donn\u00e9es, notamment vis-\u00e0-vis des attaques virales par Internet. Vous \u00eates par ailleurs&nbsp;seul responsable des sites internet et donn\u00e9es que vous consultez.<\/p>\n\n\n\n<p class=\"wp-block-paragraph\">L\u2019\u00c9diteur ne pourra \u00eatre tenu pour responsable en cas de poursuites judiciaires \u00e0 votre encontre du fait du non-respect par vous-m\u00eame des pr\u00e9sentes conditions g\u00e9n\u00e9rales. De la m\u00eame mani\u00e8re, l\u2019\u00c9diteur ne pourra \u00eatre tenu pour responsable des dommages caus\u00e9s \u00e0 vous-m\u00eame, \u00e0 des tiers et\/ou \u00e0 votre \u00e9quipement du fait de votre connexion ou de votre utilisation du site.<\/p>\n\n\n\n<p class=\"wp-block-paragraph\">L\u2019internaute admet express\u00e9ment utiliser ce site \u00e0 ses propres risques et sous sa responsabilit\u00e9 exclusive. Le site fournit \u00e0 l\u2019utilisateur des informations \u00e0 titre indicatif, avec des imperfections, erreurs, omissions, inexactitudes et autres ambivalences susceptibles d\u2019exister.<\/p>\n\n\n\n<p class=\"wp-block-paragraph\">Les photographies et visuels des produits pr\u00e9sent\u00e9s sur le site n\u2019ont aucun caract\u00e8re contractuel, la responsabilit\u00e9 de l\u2019\u00c9diteur ne saurait donc \u00eatre engag\u00e9e si les caract\u00e9ristiques des produits diff\u00e8rent des visuels pr\u00e9sents sur le site ou si ces derniers sont erron\u00e9s ou incomplets.<\/p>\n<\/div><\/details><\/div>\n\n\n\n<div class=\"wp-block-coblocks-accordion-item\"><details><summary class=\"wp-block-coblocks-accordion-item__title\">Liens hypertextes<\/summary><div class=\"wp-block-coblocks-accordion-item__content\">\n<p class=\"wp-block-paragraph\">La mise en place par les utilisateurs&nbsp;de tous liens hypertextes vers tout ou partie du site&nbsp;internet est strictement interdite, sauf autorisation pr\u00e9alable et \u00e9crite de l\u2019\u00c9diteur.<\/p>\n\n\n\n<p class=\"wp-block-paragraph\">L\u2019\u00c9diteur est libre de refuser cette autorisation sans avoir \u00e0 justifier de quelque mani\u00e8re que ce soit sa d\u00e9cision. Dans le cas o\u00f9 l\u2019\u00c9diteur accorderait son autorisation, celle-ci n\u2019est dans tous les cas que temporaire et pourra \u00eatre retir\u00e9e \u00e0 tout moment, sans obligation de justification \u00e0 la charge de l\u2019\u00c9diteur.<\/p>\n\n\n\n<p class=\"wp-block-paragraph\">Toute information accessible&nbsp;via&nbsp;un lien vers d\u2019autres sites internet n\u2019est pas publi\u00e9e par l\u2019\u00c9diteur. Ce dernier ne dispose d\u2019aucun droit sur le contenu pr\u00e9sent dans ledit lien.<\/p>\n<\/div><\/details><\/div>\n\n\n\n<div class=\"wp-block-coblocks-accordion-item\"><details><summary class=\"wp-block-coblocks-accordion-item__title\">Loi applicable<\/summary><div class=\"wp-block-coblocks-accordion-item__content\">\n<p class=\"wp-block-paragraph\">Les pr\u00e9sentes Conditions G\u00e9n\u00e9rales d\u2019Utilisation du Site sont r\u00e9gies par la loi fran\u00e7aise et soumises \u00e0 la comp\u00e9tence des tribunaux du si\u00e8ge social de l\u2019\u00c9diteur, sous r\u00e9serve d\u2019une attribution de comp\u00e9tence sp\u00e9cifique d\u00e9coulant d\u2019un texte de loi ou r\u00e9glementaire particulier.<\/p>\n\n\n\n<p class=\"wp-block-paragraph\">Pour toute question ou information sur les produits propos\u00e9s sur ce site, ou concernant le site internet lui-m\u00eame, vous pouvez nous adresser un message \u00e0 l\u2019adresse suivante&nbsp;:&nbsp;<a href=\"mailto:contact@ridernutrition.net\">contact@ridernutrition.net<\/a><\/p>\n<\/div><\/details><\/div>\n<\/div>\n","protected":false},"excerpt":{"rendered":"<p>La soci\u00e9t\u00e9&nbsp;RIDER NUTRITION \u2013 SPORT EQUESTRE,&nbsp;soucieuse&nbsp;des droits des individus, notamment au regard des traitements automatis\u00e9s&nbsp;et dans une volont\u00e9 de transparence avec ses clients, a mis en place une politique reprenant l\u2019ensemble de ces traitements, des finalit\u00e9s poursuivies par ces derniers ainsi que des moyens d\u2019action \u00e0 la disposition des individus afin qu\u2019ils puissent au mieux [&hellip;]<\/p>\n","protected":false},"author":1,"featured_media":0,"parent":0,"menu_order":0,"comment_status":"closed","ping_status":"closed","template":"","meta":{"_coblocks_attr":"","_coblocks_dimensions":"","_coblocks_responsive_height":"","_coblocks_accordion_ie_support":"","_crdt_document":"","_themeisle_gutenberg_block_has_review":false,"footnotes":""},"class_list":["post-172","page","type-page","status-publish","hentry"],"jetpack_sharing_enabled":true,"_links":{"self":[{"href":"https:\/\/www.ridernutritionpro.net\/index.php?rest_route=\/wp\/v2\/pages\/172","targetHints":{"allow":["GET"]}}],"collection":[{"href":"https:\/\/www.ridernutritionpro.net\/index.php?rest_route=\/wp\/v2\/pages"}],"about":[{"href":"https:\/\/www.ridernutritionpro.net\/index.php?rest_route=\/wp\/v2\/types\/page"}],"author":[{"embeddable":true,"href":"https:\/\/www.ridernutritionpro.net\/index.php?rest_route=\/wp\/v2\/users\/1"}],"replies":[{"embeddable":true,"href":"https:\/\/www.ridernutritionpro.net\/index.php?rest_route=%2Fwp%2Fv2%2Fcomments&post=172"}],"version-history":[{"count":1,"href":"https:\/\/www.ridernutritionpro.net\/index.php?rest_route=\/wp\/v2\/pages\/172\/revisions"}],"predecessor-version":[{"id":173,"href":"https:\/\/www.ridernutritionpro.net\/index.php?rest_route=\/wp\/v2\/pages\/172\/revisions\/173"}],"wp:attachment":[{"href":"https:\/\/www.ridernutritionpro.net\/index.php?rest_route=%2Fwp%2Fv2%2Fmedia&parent=172"}],"curies":[{"name":"wp","href":"https:\/\/api.w.org\/{rel}","templated":true}]}}