{"id":48,"date":"2026-02-27T15:15:51","date_gmt":"2026-02-27T14:15:51","guid":{"rendered":"https:\/\/www.ridernutritionpro.net\/?page_id=48"},"modified":"2026-04-03T13:57:28","modified_gmt":"2026-04-03T12:57:28","slug":"devenir-revendeur","status":"publish","type":"page","link":"https:\/\/www.ridernutritionpro.net\/?page_id=48","title":{"rendered":"Devenir Revendeur"},"content":{"rendered":"\n<p class=\"wp-block-paragraph\">Remplissez la formulaire dessous pour nous-contactez avec votre demande. <\/p>\n\n\n<style id=\"wpforms-css-vars-37-block-064efb45-69a9-41ec-8912-5ead5914584a\">\n\t\t\t\t#wpforms-37.wpforms-block-064efb45-69a9-41ec-8912-5ead5914584a {\n\t\t\t\t--wpforms-field-size-input-height: 43px;\n--wpforms-field-size-input-spacing: 15px;\n--wpforms-field-size-font-size: 16px;\n--wpforms-field-size-line-height: 19px;\n--wpforms-field-size-padding-h: 14px;\n--wpforms-field-size-checkbox-size: 16px;\n--wpforms-field-size-sublabel-spacing: 5px;\n--wpforms-field-size-icon-size: 1;\n--wpforms-label-size-font-size: 16px;\n--wpforms-label-size-line-height: 19px;\n--wpforms-label-size-sublabel-font-size: 14px;\n--wpforms-label-size-sublabel-line-height: 17px;\n--wpforms-button-size-font-size: 17px;\n--wpforms-button-size-height: 41px;\n--wpforms-button-size-padding-h: 15px;\n--wpforms-button-size-margin-top: 10px;\n\t\t\t}\n\t\t\t<\/style><div class=\"wpforms-container wpforms-container-full wpforms-block wpforms-block-064efb45-69a9-41ec-8912-5ead5914584a wpforms-render-modern\" id=\"wpforms-37\"><form id=\"wpforms-form-37\" class=\"wpforms-validate wpforms-form wpforms-ajax-form\" data-formid=\"37\" method=\"post\" enctype=\"multipart\/form-data\" action=\"\/index.php?rest_route=%2Fwp%2Fv2%2Fpages%2F48\" data-token=\"9ff37c5678cff66199da5787da70e787\" data-token-time=\"1775780582\"><noscript class=\"wpforms-error-noscript\">Veuillez activer JavaScript dans votre navigateur pour remplir ce formulaire.<\/noscript><div id=\"wpforms-error-noscript\" style=\"display: none;\">Veuillez activer JavaScript dans votre navigateur pour remplir ce formulaire.<\/div><div class=\"wpforms-field-container\"><div id=\"wpforms-37-field_1-container\" class=\"wpforms-field wpforms-field-name\" data-field-id=\"1\"><fieldset><legend class=\"wpforms-field-label\">Nom <span class=\"wpforms-required-label\" aria-hidden=\"true\">*<\/span><\/legend><div class=\"wpforms-field-row wpforms-field-medium\"><div class=\"wpforms-field-row-block wpforms-first wpforms-one-half\"><input type=\"text\" id=\"wpforms-37-field_1\" class=\"wpforms-field-name-first wpforms-field-required\" name=\"wpforms[fields][1][first]\" aria-errormessage=\"wpforms-37-field_1-error\" required><label for=\"wpforms-37-field_1\" class=\"wpforms-field-sublabel after\">Pr\u00e9nom<\/label><\/div><div class=\"wpforms-field-row-block wpforms-one-half\"><input type=\"text\" id=\"wpforms-37-field_1-last\" class=\"wpforms-field-name-last wpforms-field-required\" name=\"wpforms[fields][1][last]\" aria-errormessage=\"wpforms-37-field_1-last-error\" required><label for=\"wpforms-37-field_1-last\" class=\"wpforms-field-sublabel after\">Nom<\/label><\/div><\/div><\/fieldset><\/div><div id=\"wpforms-37-field_2-container\" class=\"wpforms-field wpforms-field-email\" data-field-id=\"2\"><label class=\"wpforms-field-label\" for=\"wpforms-37-field_2\">Email <span class=\"wpforms-required-label\" aria-hidden=\"true\">*<\/span><\/label><input type=\"email\" id=\"wpforms-37-field_2\" class=\"wpforms-field-medium wpforms-field-required\" name=\"wpforms[fields][2]\" spellcheck=\"false\" aria-errormessage=\"wpforms-37-field_2-error\" required><\/div><div id=\"wpforms-37-field_6-container\" class=\"wpforms-field wpforms-field-textarea\" data-field-id=\"6\"><label class=\"wpforms-field-label\" for=\"wpforms-37-field_6\">Addresse (France Metropolitan seulement)<\/label><textarea id=\"wpforms-37-field_6\" class=\"wpforms-field-medium\" name=\"wpforms[fields][6]\" aria-errormessage=\"wpforms-37-field_6-error\" ><\/textarea><\/div><div id=\"wpforms-37-field_15-container\" class=\"wpforms-field wpforms-field-text\" data-field-id=\"15\"><label class=\"wpforms-field-label\" for=\"wpforms-37-field_15\">Denomination d&#039;enterprise <span class=\"wpforms-required-label\" aria-hidden=\"true\">*<\/span><\/label><input type=\"text\" id=\"wpforms-37-field_15\" class=\"wpforms-field-medium wpforms-field-required\" name=\"wpforms[fields][15]\" aria-errormessage=\"wpforms-37-field_15-error\" required><\/div><div id=\"wpforms-37-field_16-container\" class=\"wpforms-field wpforms-field-number\" data-field-id=\"16\"><label class=\"wpforms-field-label\" for=\"wpforms-37-field_16\">SIRET \/ SIREN: <span class=\"wpforms-required-label\" aria-hidden=\"true\">*<\/span><\/label><input type=\"number\" id=\"wpforms-37-field_16\" class=\"wpforms-field-medium wpforms-field-required\" name=\"wpforms[fields][16]\" step=\"any\" aria-errormessage=\"wpforms-37-field_16-error\" required><\/div><div id=\"wpforms-37-field_7-container\" class=\"wpforms-field wpforms-field-number\" data-field-id=\"7\"><label class=\"wpforms-field-label\" for=\"wpforms-37-field_7\">Num\u00e9ro  t\u00e9l\u00e9phone  <span class=\"wpforms-required-label\" aria-hidden=\"true\">*<\/span><\/label><input type=\"number\" id=\"wpforms-37-field_7\" class=\"wpforms-field-medium wpforms-field-required\" name=\"wpforms[fields][7]\" step=\"any\" aria-errormessage=\"wpforms-37-field_7-error\" required><\/div>\t\t<div id=\"wpforms-37-field_3-container\"\n\t\t\tclass=\"wpforms-field wpforms-field-text\"\n\t\t\tdata-field-type=\"text\"\n\t\t\tdata-field-id=\"3\"\n\t\t\t>\n\t\t\t<label class=\"wpforms-field-label\" for=\"wpforms-37-field_3\" >(\u00e0 revendeur ?<\/label>\n\t\t\t<input type=\"text\" id=\"wpforms-37-field_3\" class=\"wpforms-field-medium\" name=\"wpforms[fields][3]\" >\n\t\t<\/div>\n\t\t<div id=\"wpforms-37-field_8-container\" class=\"wpforms-field wpforms-field-radio\" data-field-id=\"8\"><fieldset><legend class=\"wpforms-field-label\">Avez-vous une boutique physique ? <span class=\"wpforms-required-label\" aria-hidden=\"true\">*<\/span><\/legend><ul id=\"wpforms-37-field_8\" class=\"wpforms-field-required\"><li class=\"choice-1 depth-1\"><input type=\"radio\" id=\"wpforms-37-field_8_1\" name=\"wpforms[fields][8]\" value=\"Oui\" aria-errormessage=\"wpforms-37-field_8_1-error\" required ><label class=\"wpforms-field-label-inline\" for=\"wpforms-37-field_8_1\">Oui<\/label><\/li><li class=\"choice-2 depth-1\"><input type=\"radio\" id=\"wpforms-37-field_8_2\" name=\"wpforms[fields][8]\" value=\"Non\" aria-errormessage=\"wpforms-37-field_8_2-error\" required ><label class=\"wpforms-field-label-inline\" for=\"wpforms-37-field_8_2\">Non<\/label><\/li><\/ul><\/fieldset><\/div><div id=\"wpforms-37-field_9-container\" class=\"wpforms-field wpforms-field-radio\" data-field-id=\"9\"><fieldset><legend class=\"wpforms-field-label\">Avez-vous une boutique en-ligne? <span class=\"wpforms-required-label\" aria-hidden=\"true\">*<\/span><\/legend><ul id=\"wpforms-37-field_9\" class=\"wpforms-field-required\"><li class=\"choice-1 depth-1\"><input type=\"radio\" id=\"wpforms-37-field_9_1\" name=\"wpforms[fields][9]\" value=\"Oui\" aria-errormessage=\"wpforms-37-field_9_1-error\" required ><label class=\"wpforms-field-label-inline\" for=\"wpforms-37-field_9_1\">Oui<\/label><\/li><li class=\"choice-2 depth-1\"><input type=\"radio\" id=\"wpforms-37-field_9_2\" name=\"wpforms[fields][9]\" value=\"Non\" aria-errormessage=\"wpforms-37-field_9_2-error\" required ><label class=\"wpforms-field-label-inline\" for=\"wpforms-37-field_9_2\">Non<\/label><\/li><\/ul><\/fieldset><\/div><div id=\"wpforms-37-field_10-container\" class=\"wpforms-field wpforms-field-radio\" data-field-id=\"10\"><fieldset><legend class=\"wpforms-field-label\">Faites-vous des salons ? <span class=\"wpforms-required-label\" aria-hidden=\"true\">*<\/span><\/legend><ul id=\"wpforms-37-field_10\" class=\"wpforms-field-required\"><li class=\"choice-1 depth-1\"><input type=\"radio\" id=\"wpforms-37-field_10_1\" name=\"wpforms[fields][10]\" value=\"Oui\" aria-errormessage=\"wpforms-37-field_10_1-error\" required ><label class=\"wpforms-field-label-inline\" for=\"wpforms-37-field_10_1\">Oui<\/label><\/li><li class=\"choice-2 depth-1\"><input type=\"radio\" id=\"wpforms-37-field_10_2\" name=\"wpforms[fields][10]\" value=\"Non\" aria-errormessage=\"wpforms-37-field_10_2-error\" required ><label class=\"wpforms-field-label-inline\" for=\"wpforms-37-field_10_2\">Non<\/label><\/li><\/ul><\/fieldset><\/div><div id=\"wpforms-37-field_11-container\" class=\"wpforms-field wpforms-field-radio\" data-field-id=\"11\"><fieldset><legend class=\"wpforms-field-label\">Faites-vous des ventes sur Amazon ou eBay ? <span class=\"wpforms-required-label\" aria-hidden=\"true\">*<\/span><\/legend><ul id=\"wpforms-37-field_11\" class=\"wpforms-field-required\"><li class=\"choice-1 depth-1\"><input type=\"radio\" id=\"wpforms-37-field_11_1\" name=\"wpforms[fields][11]\" value=\"Oui\" aria-errormessage=\"wpforms-37-field_11_1-error\" required ><label class=\"wpforms-field-label-inline\" for=\"wpforms-37-field_11_1\">Oui<\/label><\/li><li class=\"choice-2 depth-1\"><input type=\"radio\" id=\"wpforms-37-field_11_2\" name=\"wpforms[fields][11]\" value=\"Non\" aria-errormessage=\"wpforms-37-field_11_2-error\" required ><label class=\"wpforms-field-label-inline\" for=\"wpforms-37-field_11_2\">Non<\/label><\/li><\/ul><\/fieldset><\/div><div id=\"wpforms-37-field_12-container\" class=\"wpforms-field wpforms-field-text\" data-field-id=\"12\"><label class=\"wpforms-field-label\" for=\"wpforms-37-field_12\">Pr\u00e9cisez-nous votre meilleur m\u00e9thode de vente ? <span class=\"wpforms-required-label\" aria-hidden=\"true\">*<\/span><\/label><input type=\"text\" id=\"wpforms-37-field_12\" class=\"wpforms-field-medium wpforms-field-required\" name=\"wpforms[fields][12]\" aria-errormessage=\"wpforms-37-field_12-error\" required><\/div><div id=\"wpforms-37-field_14-container\" class=\"wpforms-field wpforms-field-radio\" data-field-id=\"14\"><fieldset><legend class=\"wpforms-field-label\">\u00c0 propos de vos clients. Quelle est votre d\u00e9mographique ? <span class=\"wpforms-required-label\" aria-hidden=\"true\">*<\/span><\/legend><ul id=\"wpforms-37-field_14\" class=\"wpforms-field-required\"><li class=\"choice-1 depth-1\"><input type=\"radio\" id=\"wpforms-37-field_14_1\" name=\"wpforms[fields][14]\" value=\"10-16 ans\" aria-errormessage=\"wpforms-37-field_14_1-error\" required ><label class=\"wpforms-field-label-inline\" for=\"wpforms-37-field_14_1\">10-16 ans<\/label><\/li><li class=\"choice-2 depth-1\"><input type=\"radio\" id=\"wpforms-37-field_14_2\" name=\"wpforms[fields][14]\" value=\"16-24 ans\" aria-errormessage=\"wpforms-37-field_14_2-error\" required ><label class=\"wpforms-field-label-inline\" for=\"wpforms-37-field_14_2\">16-24 ans<\/label><\/li><li class=\"choice-3 depth-1\"><input type=\"radio\" id=\"wpforms-37-field_14_3\" name=\"wpforms[fields][14]\" value=\"25-55 ans\" aria-errormessage=\"wpforms-37-field_14_3-error\" required ><label class=\"wpforms-field-label-inline\" for=\"wpforms-37-field_14_3\">25-55 ans<\/label><\/li><li class=\"choice-4 depth-1\"><input type=\"radio\" id=\"wpforms-37-field_14_4\" name=\"wpforms[fields][14]\" value=\"55 and +\" aria-errormessage=\"wpforms-37-field_14_4-error\" required ><label class=\"wpforms-field-label-inline\" for=\"wpforms-37-field_14_4\">55 and +<\/label><\/li><\/ul><\/fieldset><\/div><div id=\"wpforms-37-field_17-container\" class=\"wpforms-field wpforms-field-textarea\" data-field-id=\"17\"><label class=\"wpforms-field-label\" for=\"wpforms-37-field_17\">Envoyez-nous d&#039;autres informations utiles pour devenir revendeur de Rider Nutrition<\/label><textarea id=\"wpforms-37-field_17\" class=\"wpforms-field-medium\" name=\"wpforms[fields][17]\" aria-errormessage=\"wpforms-37-field_17-error\" ><\/textarea><\/div><div id=\"wpforms-37-field_18-container\" class=\"wpforms-field wpforms-field-checkbox\" data-field-id=\"18\"><fieldset><legend class=\"wpforms-field-label\">Conditions G\u00e9n\u00e9rales (\u00e0 confirmer) <span class=\"wpforms-required-label\" aria-hidden=\"true\">*<\/span><\/legend><ul id=\"wpforms-37-field_18\" class=\"wpforms-field-required\"><li class=\"choice-1 depth-1\"><input type=\"checkbox\" id=\"wpforms-37-field_18_1\" name=\"wpforms[fields][18][]\" value=\"Les revendeurs Rider Nutrition doivent respecter nos prix de ventes indiqu\u00e9s : PDV TTC\" aria-errormessage=\"wpforms-37-field_18_1-error\" required ><label class=\"wpforms-field-label-inline\" for=\"wpforms-37-field_18_1\">Les revendeurs Rider Nutrition doivent respecter nos prix de ventes indiqu\u00e9s : PDV TTC<\/label><\/li><li class=\"choice-2 depth-1\"><input type=\"checkbox\" id=\"wpforms-37-field_18_2\" name=\"wpforms[fields][18][]\" value=\"Rider Nutrition Interdit la vente de nos produits sur les plateformes de marketing (ex. AMAZON, EBAY, Meta etc.)\" aria-errormessage=\"wpforms-37-field_18_2-error\" required ><label class=\"wpforms-field-label-inline\" for=\"wpforms-37-field_18_2\">Rider Nutrition Interdit la vente de nos produits sur les plateformes de marketing (ex. AMAZON, EBAY, Meta etc.)<\/label><\/li><\/ul><\/fieldset><\/div><script>\n\t\t\t\t( function() {\n\t\t\t\t\tconst style = document.createElement( 'style' );\n\t\t\t\t\tstyle.appendChild( document.createTextNode( '#wpforms-37-field_3-container { position: absolute !important; overflow: hidden !important; display: inline !important; height: 1px !important; width: 1px !important; z-index: -1000 !important; padding: 0 !important; } #wpforms-37-field_3-container input { visibility: hidden; } #wpforms-conversational-form-page #wpforms-37-field_3-container label { counter-increment: none; }' ) );\n\t\t\t\t\tdocument.head.appendChild( style );\n\t\t\t\t\tdocument.currentScript?.remove();\n\t\t\t\t} )();\n\t\t\t<\/script><\/div><!-- .wpforms-field-container --><div class=\"wpforms-submit-container\" ><input type=\"hidden\" name=\"wpforms[id]\" value=\"37\"><input type=\"hidden\" name=\"page_title\" value=\"\"><input type=\"hidden\" name=\"page_url\" value=\"https:\/\/www.ridernutritionpro.net\/index.php?rest_route=\/wp\/v2\/pages\/48\"><input type=\"hidden\" name=\"url_referer\" value=\"\"><button type=\"submit\" name=\"wpforms[submit]\" id=\"wpforms-submit-37\" class=\"wpforms-submit\" data-alt-text=\"Sending...\" data-submit-text=\"Submit\" aria-live=\"assertive\" value=\"wpforms-submit\">Submit<\/button><img loading=\"lazy\" decoding=\"async\" src=\"https:\/\/www.ridernutritionpro.net\/wp-content\/plugins\/wpforms-lite\/assets\/images\/submit-spin.svg\" class=\"wpforms-submit-spinner\" style=\"display: none;\" width=\"26\" height=\"26\" alt=\"Chargement en cours\"><\/div><\/form><\/div>  <!-- .wpforms-container -->","protected":false},"excerpt":{"rendered":"<p>Remplissez la formulaire dessous pour nous-contactez avec votre demande.<\/p>\n","protected":false},"author":1,"featured_media":0,"parent":0,"menu_order":0,"comment_status":"closed","ping_status":"closed","template":"","meta":{"_coblocks_attr":"","_coblocks_dimensions":"","_coblocks_responsive_height":"","_coblocks_accordion_ie_support":"","_crdt_document":"","_themeisle_gutenberg_block_has_review":false,"footnotes":""},"class_list":["post-48","page","type-page","status-publish","hentry"],"jetpack_sharing_enabled":true,"_links":{"self":[{"href":"https:\/\/www.ridernutritionpro.net\/index.php?rest_route=\/wp\/v2\/pages\/48","targetHints":{"allow":["GET"]}}],"collection":[{"href":"https:\/\/www.ridernutritionpro.net\/index.php?rest_route=\/wp\/v2\/pages"}],"about":[{"href":"https:\/\/www.ridernutritionpro.net\/index.php?rest_route=\/wp\/v2\/types\/page"}],"author":[{"embeddable":true,"href":"https:\/\/www.ridernutritionpro.net\/index.php?rest_route=\/wp\/v2\/users\/1"}],"replies":[{"embeddable":true,"href":"https:\/\/www.ridernutritionpro.net\/index.php?rest_route=%2Fwp%2Fv2%2Fcomments&post=48"}],"version-history":[{"count":2,"href":"https:\/\/www.ridernutritionpro.net\/index.php?rest_route=\/wp\/v2\/pages\/48\/revisions"}],"predecessor-version":[{"id":60,"href":"https:\/\/www.ridernutritionpro.net\/index.php?rest_route=\/wp\/v2\/pages\/48\/revisions\/60"}],"wp:attachment":[{"href":"https:\/\/www.ridernutritionpro.net\/index.php?rest_route=%2Fwp%2Fv2%2Fmedia&parent=48"}],"curies":[{"name":"wp","href":"https:\/\/api.w.org\/{rel}","templated":true}]}}